{"id":117,"date":"2020-03-21T20:57:13","date_gmt":"2020-03-21T20:57:13","guid":{"rendered":"http:\/\/localhost\/hapkido\/?page_id=117"},"modified":"2025-03-26T20:24:30","modified_gmt":"2025-03-26T19:24:30","slug":"trainingszeiten-und-orte","status":"publish","type":"page","link":"https:\/\/www.hapkido-salzburg.at\/hapkido\/trainingszeiten-und-orte\/","title":{"rendered":"Trainingszeiten und Orte"},"content":{"rendered":"\n<figure class=\"wp-block-table\"><table><tbody><tr><td><strong>Montag<\/strong><\/td><td>19.30-21.00<\/td><td>Volksschule, Pestalozzistra\u00dfe 4<\/td><td><a href=\"https:\/\/goo.gl\/maps\/kUozVW6fUh7DdD2bA\" data-type=\"URL\">Karte<\/a><\/td><\/tr><tr><td>Dienstag<\/td><td>18.30-20.30<\/td><td>ASV Zentrum, Plainstra\u00dfe 123<\/td><td><a href=\"https:\/\/goo.gl\/maps\/Q7SyZcmufkJ5wPBz6\">Karte<\/a><\/td><\/tr><tr><td><strong>Donnerstag<\/strong><\/td><td>19.30-21.00<\/td><td>Volksschule, Pestalozzistra\u00dfe 4<\/td><td><a href=\"https:\/\/goo.gl\/maps\/xYhaWDsuEBv5nVrJ9\">Karte<\/a><\/td><\/tr><\/tbody><\/table><\/figure>\n\n\n\n<p><\/p>\n\n\n\n<p><\/p>\n","protected":false},"excerpt":{"rendered":"<p>Montag 19.30-21.00 Volksschule, Pestalozzistra\u00dfe 4 Karte Dienstag 18.30-20.30 ASV Zentrum, Plainstra\u00dfe 123 Karte Donnerstag 19.30-21.00 Volksschule, Pestalozzistra\u00dfe 4 Karte<\/p>\n","protected":false},"author":1,"featured_media":0,"parent":0,"menu_order":0,"comment_status":"closed","ping_status":"closed","template":"page-templates\/template-fullwidth.php","meta":{"footnotes":""},"class_list":["post-117","page","type-page","status-publish","hentry"],"_links":{"self":[{"href":"https:\/\/www.hapkido-salzburg.at\/hapkido\/wp-json\/wp\/v2\/pages\/117","targetHints":{"allow":["GET"]}}],"collection":[{"href":"https:\/\/www.hapkido-salzburg.at\/hapkido\/wp-json\/wp\/v2\/pages"}],"about":[{"href":"https:\/\/www.hapkido-salzburg.at\/hapkido\/wp-json\/wp\/v2\/types\/page"}],"author":[{"embeddable":true,"href":"https:\/\/www.hapkido-salzburg.at\/hapkido\/wp-json\/wp\/v2\/users\/1"}],"replies":[{"embeddable":true,"href":"https:\/\/www.hapkido-salzburg.at\/hapkido\/wp-json\/wp\/v2\/comments?post=117"}],"version-history":[{"count":5,"href":"https:\/\/www.hapkido-salzburg.at\/hapkido\/wp-json\/wp\/v2\/pages\/117\/revisions"}],"predecessor-version":[{"id":612,"href":"https:\/\/www.hapkido-salzburg.at\/hapkido\/wp-json\/wp\/v2\/pages\/117\/revisions\/612"}],"wp:attachment":[{"href":"https:\/\/www.hapkido-salzburg.at\/hapkido\/wp-json\/wp\/v2\/media?parent=117"}],"curies":[{"name":"wp","href":"https:\/\/api.w.org\/{rel}","templated":true}]}}