{"id":431,"date":"2020-04-12T19:29:35","date_gmt":"2020-04-12T17:29:35","guid":{"rendered":"http:\/\/localhost\/hapkido\/?page_id=431"},"modified":"2020-04-19T19:34:03","modified_gmt":"2020-04-19T17:34:03","slug":"was-ist-hapkido","status":"publish","type":"page","link":"https:\/\/www.hapkido-salzburg.at\/hapkido\/was-ist-hapkido\/","title":{"rendered":"Was ist HapKiDo?"},"content":{"rendered":"\n<p> Hapkido ist ein sehr umfangreiches koreanisches Selbstschutzsystem, das in den 40er Jahren aus alten koreanischen Stilen entstanden ist. Hapkido f\u00f6rdert und fordert K\u00f6rper, Geist und Seele gleicherma\u00dfen. Von seiner geschichtlichen Entwicklung und seiner Philosophie ist Hapkido rein defensiv. Neben vielf\u00e4ltigen Hebel- und Wurftechniken, z\u00e4hlen auch Schl\u00e4ge, Fu\u00dftritte, sowie Abwehrtechniken zum Repertoire des Hapkido. <\/p>\n\n\n\n<h2 class=\"wp-block-heading\">Geschichte und Entwicklung<\/h2>\n\n\n\n<div class=\"wp-block-image\"><figure class=\"alignright size-large is-resized\"><a href=\"https:\/\/commons.wikimedia.org\/wiki\/File:Choi_Yong-sool_portrait_888.jpg\"><img loading=\"lazy\" decoding=\"async\" src=\"https:\/\/upload.wikimedia.org\/wikipedia\/commons\/7\/71\/Choi_Yong-sool_portrait_888.jpg\" alt=\"\" width=\"216\" height=\"288\"\/><\/a><figcaption>  Choi Young Soo <\/figcaption><\/figure><\/div>\n\n\n\n<p>Der Urvater des Hapkido, ist Choi Young Sool (1904 ~1986). Er nannte seinen Stil anf\u00e4nglich noch Yu Kwon Sool. Einer seiner Hauptsch\u00fcler, Gro\u00dfmeister Ji Han Jae erweiterte den Stil indem er diverse Fu\u00df- und weitere Abwehrtechniken sowie Elemente des Ki-Trainings hinzuf\u00fcgte \u2013 und dann den Namen Hapkido \u00fcbernahm.<\/p>\n\n\n\n<p>Viele Meister&nbsp;diverser Kampfk\u00fcnste haben sich im Laufe der Zeit dem Hapkido zugewandt und ihre oft langj\u00e4hrigen Erfahrungen integriert. So entwickelten sich innerhalb des Hapkido unz\u00e4hlige Stilrichtungen. Dem entsprechend sind auch die Unterschiede sehr gut erkennbar. Z. B. in der Art der Technikausf\u00fchrung. Diese erstreckt sich von sehr harten und kurz ausgef\u00fchrten Techniken bis hin zu den weichen, gro\u00dfen und kreisf\u00f6rmigen Bewegungsabl\u00e4ufen. Auffallend ist auch die unterschiedlich starke Auspr\u00e4gung des Gebrauchs von Waffentechniken und einige Richtungen arbeiten mit festgelegten Abfolgen von Techniken (Hyongs).<\/p>\n\n\n\n<p>Durch die gro\u00dfe Vielfalt an Techniken und die Nutzung der gegnerischen Kraft eignet sich Hapkido hervorragend zum Selbstschutz. Man ist nicht auf bestimmte Schl\u00e4ge oder Tritte angewiesen, sondern kann aus einem fast unersch\u00f6pflichen Repertoire von Techniken w\u00e4hlen und somit die Abwehr dem Angriff entsprechend anpassen. Diese Technikvielfalt ist auch eine gro\u00dfe Herausforderung f\u00fcr viele Sch\u00fcler auf ihrem Weg. Es gibt st\u00e4ndig Neues zu erlernen und kaum jemand kann von sich behaupten, alle der \u00fcber 8000 Techniken zu beherrschen. Zudem erfordert der gro\u00dfe Technikumfang auch eine st\u00e4ndige Besch\u00e4ftigung mit Hapkido. Flei\u00dfiges Training und eine fortw\u00e4hrende Auseinandersetzung sowohl mit der Philosophie als auch den Hapkido-Prinzipien&nbsp;sind die Grundvoraussetzungen f\u00fcr Entwicklung.<\/p>\n\n\n\n<h3 class=\"wp-block-heading\">HapKiDo als Entwicklungsweg<\/h3>\n\n\n\n<p>F\u00fcr den Trainingsanf\u00e4nger des Hapkido stehen die Grundbegriffe (richtige Stellung, K\u00f6rperspannung, Fallschule, Prinzipien, \u2026) im Vordergrund. Doch auch als fortgeschrittener Sch\u00fcler ist er gefordert immer daran zu denken, worauf sich sein Hapkido-Geb\u00e4ude st\u00fctzt. Je st\u00e4rker sein Fundament ist, desto stabiler und einsturzsicherer ist sein Haus. Je h\u00f6her sein Haus also wird, desto st\u00e4rker m\u00fcssen die Grundmauern sein. Daher ist es f\u00fcr den fortgeschrittenen Sch\u00fcler wichtig, weiterhin stets an seinem Fundament zu arbeiten.<\/p>\n\n\n\n<p>Hapkido ist Selbstschutz und Training f\u00fcrs Leben. Siege bei Bewerben sollen f\u00fcr den Sch\u00fcler nicht als alleiniges Ziel im Vordergrund stehen, sondern die Auseinandersetzung mit sich selbst und seiner eigenen Entwicklung, das Bestreben sein Potential zu Tage zu bringen, es zu erweitern, dauerhaft an sich zu arbeiten &#8211; sich seiner selbst bewusst zu werden. Ein Bewerb erfordert eine punktuelle Vorbereitung auf den Tag X, danach spielt die&nbsp;<em>Form<\/em>&nbsp;keine Rolle mehr. Im Hapkido ist jeder Tag ein Tag X \u2013 das Training des Hapkido ist ein Weg der ein Leben lang dauert.<\/p>\n\n\n\n<p>Die Sch\u00fcler &#8211; Lehrerbeziehung ist ein elementarer Bestandteil des Hapkido. Lehrer ist jener, der einem Sch\u00fcler den Weg zeigt, ihm hilft Blockaden zu \u00fcberwinden, ihm auch manchmal Hindernisse entgegenstellt um ihn zu pr\u00fcfen und reifen zu lassen. Kein Weg ist gleich, und kein Mensch ist perfekt. Der perfekte Lehrer existiert nur in unserer Vorstellung. Der Lehrende ist auf dem Weg einfach ein St\u00fcck weiter als man selbst; auch er studiert st\u00e4ndig und ist somit gleichzeitig auch Sch\u00fcler.<\/p>\n\n\n\n<p>Die Entwicklung jedes Hapkido Sch\u00fclers ist eine pers\u00f6nliche. Sich mit anderen messen f\u00fchrt in eine Sackgasse. Das Wetteifern von Hapkido Trainierenden: \u201e<em>Ich muss besser sein als mein Partner\u201c,<\/em>&nbsp;oder: \u201e<em>Er trainiert noch nicht so lange und kann schon mehr Techniken<\/em>\u201c, beeinflusst ausschlie\u00dflich das Ego, bringt einem auf dem Weg keinen Millimeter Gewinn. Die Voraussetzungen jedes Sch\u00fclers sind individuell, und der einzige legitime Vergleich ist der mit einem selbst. Wo stand ich vor einem Jahr, wo stehe ich heute. Jede Art des Polarisierens ist fehl am Platz und daher zu unterlassen.<\/p>\n\n\n\n<p>Hapkido ist eine lebenslange Herausforderung. Zeiten des scheinbaren Erfolgs wechseln mit Phasen der scheinbaren Frustration. In Wahrheit gibt es weder ein &#8220;gut&#8221; noch ein &#8220;schlecht&#8221;, denn wir lernen und entwickeln uns permanent&nbsp;in jeder Phase und eines sollte jedem Hapkido Sch\u00fcler klar sein:<\/p>\n\n\n\n<p><strong>Der Weg zu jedem Ziel ist voller Erfahrungen.<\/strong><\/p>\n\n\n\n<div class=\"wp-block-themeisle-blocks-advanced-columns has-undefined-columns has-desktop-undefined-layout has-tablet-equal-layout has-mobile-equal-layout has-default-gap has-vertical-unset\" id=\"wp-block-themeisle-blocks-advanced-columns-b1f899be\"><div class=\"wp-block-themeisle-blocks-advanced-columns-overlay\"><\/div><div class=\"innerblocks-wrap\"><\/div><\/div>\n","protected":false},"excerpt":{"rendered":"<p>Hapkido ist ein sehr umfangreiches koreanisches Selbstschutzsystem, das in den 40er Jahren aus alten koreanischen Stilen entstanden ist. Hapkido f\u00f6rdert und fordert K\u00f6rper, Geist und Seele gleicherma\u00dfen. Von seiner geschichtlichen Entwicklung und seiner Philosophie ist Hapkido rein defensiv. Neben vielf\u00e4ltigen Hebel- und Wurftechniken, z\u00e4hlen auch Schl\u00e4ge, Fu\u00dftritte, sowie Abwehrtechniken zum [&hellip;]<\/p>\n","protected":false},"author":1,"featured_media":0,"parent":0,"menu_order":0,"comment_status":"closed","ping_status":"closed","template":"page-templates\/template-fullwidth.php","meta":{"footnotes":""},"class_list":["post-431","page","type-page","status-publish","hentry"],"_links":{"self":[{"href":"https:\/\/www.hapkido-salzburg.at\/hapkido\/wp-json\/wp\/v2\/pages\/431","targetHints":{"allow":["GET"]}}],"collection":[{"href":"https:\/\/www.hapkido-salzburg.at\/hapkido\/wp-json\/wp\/v2\/pages"}],"about":[{"href":"https:\/\/www.hapkido-salzburg.at\/hapkido\/wp-json\/wp\/v2\/types\/page"}],"author":[{"embeddable":true,"href":"https:\/\/www.hapkido-salzburg.at\/hapkido\/wp-json\/wp\/v2\/users\/1"}],"replies":[{"embeddable":true,"href":"https:\/\/www.hapkido-salzburg.at\/hapkido\/wp-json\/wp\/v2\/comments?post=431"}],"version-history":[{"count":9,"href":"https:\/\/www.hapkido-salzburg.at\/hapkido\/wp-json\/wp\/v2\/pages\/431\/revisions"}],"predecessor-version":[{"id":493,"href":"https:\/\/www.hapkido-salzburg.at\/hapkido\/wp-json\/wp\/v2\/pages\/431\/revisions\/493"}],"wp:attachment":[{"href":"https:\/\/www.hapkido-salzburg.at\/hapkido\/wp-json\/wp\/v2\/media?parent=431"}],"curies":[{"name":"wp","href":"https:\/\/api.w.org\/{rel}","templated":true}]}}