{"id":46,"date":"2020-03-21T19:45:29","date_gmt":"2020-03-21T19:45:29","guid":{"rendered":"http:\/\/localhost\/hapkido\/?page_id=46"},"modified":"2022-04-18T12:38:54","modified_gmt":"2022-04-18T10:38:54","slug":"hapkido","status":"publish","type":"page","link":"https:\/\/www.hapkido-salzburg.at\/hapkido\/","title":{"rendered":"Hapkido"},"content":{"rendered":"\n<h1 class=\"has-text-align-center has-header-gradient-color has-text-color wp-block-heading\"><\/h1>\n\n\n\n<h2 class=\"wp-block-heading\"><strong>Koreanisches Selbstschutzsystem und Wegkunst<\/strong><\/h2>\n\n\n\n<p>Willkommen auf der Homepage des\u00a0<strong>Hapkido Verein ASK\u00d6 Salzburg<\/strong>. Der Verein ist der \u00e4lteste Hapkido Verein im Bundesland Salzburg.\u00a0Hapkido wird bei uns im Verein seit mittlerweile 30 Jahren unterrichtet. <\/p>\n\n\n\n<p> Wir w\u00fcrden uns freuen, wenn Sie bei Interesse, einmal zu uns ins Training kommen. <\/p>\n\n\n\n<div class=\"wp-block-group\"><div class=\"wp-block-group__inner-container is-layout-flow wp-block-group-is-layout-flow\">\n<p><br><\/p>\n\n\n\n<p>\ud569&nbsp;<strong>HAP<\/strong>&nbsp;steht f\u00fcr die Harmonie von K\u00f6rper, Geist und Seele<br>\uae30&nbsp;<strong>KI&nbsp;<\/strong>&nbsp;bedeutet Lebensenergie<br>\ub3c4&nbsp;<strong>DO&nbsp;<\/strong>&nbsp;bedeutet Weg<\/p>\n\n\n\n<p><strong>HAP KI DO<\/strong>&nbsp;lehrt den Selbstschutz und nicht den Angriff. Hapkido beinhaltet neben&nbsp;Schlag- und Tritt-Techniken vor allem Hebel und W\u00fcrfe.&nbsp;<\/p>\n\n\n\n<div class=\"wp-block-image\"><figure class=\"alignright size-large is-resized\"><img loading=\"lazy\" decoding=\"async\" src=\"http:\/\/localhost\/hapkido\/wp-content\/uploads\/2020\/03\/test-1024x683.png\" alt=\"\" class=\"wp-image-237\" width=\"512\" height=\"342\" srcset=\"https:\/\/www.hapkido-salzburg.at\/hapkido\/wp-content\/uploads\/2020\/03\/test-1024x683.png 1024w, https:\/\/www.hapkido-salzburg.at\/hapkido\/wp-content\/uploads\/2020\/03\/test-300x200.png 300w, https:\/\/www.hapkido-salzburg.at\/hapkido\/wp-content\/uploads\/2020\/03\/test-768x512.png 768w, https:\/\/www.hapkido-salzburg.at\/hapkido\/wp-content\/uploads\/2020\/03\/test-1536x1024.png 1536w, https:\/\/www.hapkido-salzburg.at\/hapkido\/wp-content\/uploads\/2020\/03\/test.png 1920w\" sizes=\"auto, (max-width: 512px) 100vw, 512px\" \/><\/figure><\/div>\n\n\n\n<p><strong>HAP KI DO<\/strong>&nbsp;kann jeder aus\u00fcben der sich daf\u00fc interessiert. Alter und k\u00f6rperliche Verfassung spielen eine untergeordnete Rolle, da das Training individuell angepasst werden kann.<\/p>\n<\/div><\/div>\n\n\n\n<p><strong>HAP KI DO<\/strong>&nbsp;kann man sich bei jedem registrierten Verein des \u00d6sterreichischen HAP KI DO Bundes ansehen und dort auch einmal kostenlos mit trainieren.&nbsp;Einstieg ins regul\u00e4re Vereinstraining jede Woche m\u00f6glich. Jeder ist herzlich willkommen.&nbsp;<\/p>\n\n\n\n<p><strong>HAP KI DO<\/strong>\u00a0Training f\u00fcr Fortgeschrittene zu allen angebotenen Trainingszeiten m\u00f6glich. N\u00e4here Infos unter Trainingsorte\/Zeiten <br><br><br><br><br><br><br><\/p>\n\n\n\n<h2 class=\"has-text-align-center wp-block-heading\">Unsere Kurse<br>   <\/h2>\n\n\n\n<p><\/p>\n","protected":false},"excerpt":{"rendered":"<p>Koreanisches Selbstschutzsystem und Wegkunst Willkommen auf der Homepage des\u00a0Hapkido Verein ASK\u00d6 Salzburg. Der Verein ist der \u00e4lteste Hapkido Verein im Bundesland Salzburg.\u00a0Hapkido wird bei uns im Verein seit mittlerweile 30 Jahren unterrichtet. Wir w\u00fcrden uns freuen, wenn Sie bei Interesse, einmal zu uns ins Training kommen. \ud569&nbsp;HAP&nbsp;steht f\u00fcr die Harmonie [&hellip;]<\/p>\n","protected":false},"author":1,"featured_media":0,"parent":0,"menu_order":0,"comment_status":"closed","ping_status":"closed","template":"","meta":{"footnotes":""},"class_list":["post-46","page","type-page","status-publish","hentry"],"_links":{"self":[{"href":"https:\/\/www.hapkido-salzburg.at\/hapkido\/wp-json\/wp\/v2\/pages\/46","targetHints":{"allow":["GET"]}}],"collection":[{"href":"https:\/\/www.hapkido-salzburg.at\/hapkido\/wp-json\/wp\/v2\/pages"}],"about":[{"href":"https:\/\/www.hapkido-salzburg.at\/hapkido\/wp-json\/wp\/v2\/types\/page"}],"author":[{"embeddable":true,"href":"https:\/\/www.hapkido-salzburg.at\/hapkido\/wp-json\/wp\/v2\/users\/1"}],"replies":[{"embeddable":true,"href":"https:\/\/www.hapkido-salzburg.at\/hapkido\/wp-json\/wp\/v2\/comments?post=46"}],"version-history":[{"count":71,"href":"https:\/\/www.hapkido-salzburg.at\/hapkido\/wp-json\/wp\/v2\/pages\/46\/revisions"}],"predecessor-version":[{"id":582,"href":"https:\/\/www.hapkido-salzburg.at\/hapkido\/wp-json\/wp\/v2\/pages\/46\/revisions\/582"}],"wp:attachment":[{"href":"https:\/\/www.hapkido-salzburg.at\/hapkido\/wp-json\/wp\/v2\/media?parent=46"}],"curies":[{"name":"wp","href":"https:\/\/api.w.org\/{rel}","templated":true}]}}