{"id":61,"date":"2020-03-21T20:29:19","date_gmt":"2020-03-21T20:29:19","guid":{"rendered":"http:\/\/localhost\/hapkido\/?page_id=61"},"modified":"2022-04-18T13:01:08","modified_gmt":"2022-04-18T11:01:08","slug":"uber","status":"publish","type":"page","link":"https:\/\/www.hapkido-salzburg.at\/hapkido\/uber\/","title":{"rendered":"\u00dcber den Verein"},"content":{"rendered":"\n<h2 class=\"wp-block-heading\"><strong>Hapkido Verein Ask\u00f6 Salzburg und der \u00d6HKDB:<\/strong><\/h2>\n\n\n\n<p>Die \u00d6sterreichischen Wurzeln des\u00a0<strong>HAP KI DO<\/strong>\u00a0liegen in der Steiermark, wo auch Christian Wagner 1985 bei Meister Ewald Pilz im Verein Bruck an der Mur mit dem HAP KI DO Training begann. Ende der 80er Jahre kam Christian Wagner f\u00fcr sein Biologie- und Sportstudium nach Salzburg. Das erste, damals noch inoffizielle HAP KI DO Training fand im Keller der VS Pestalozzistra\u00dfe im M\u00e4rz 1992 statt. Kurz danach nahm auch der Hapkido Verein ASK\u00d6 Salzburg offiziell seine T\u00e4tigkeit auf. Im Herbst 1992 fand der erste Grundkurs (darunter war auch Paul Lengenfelder) statt. Seit 1995 ist HAP KI DO als Sportart durch die LSO (Landessportorganisation) Salzburg offiziell anerkannt.<\/p>\n\n\n\n<p>1997 wird der \u00d6sterreichische HAP KI DO Bund (\u00d6HKDB) gegr\u00fcndet.\u00a0Der Hapkido Verein ASK\u00d6 Salzburg wird Mitglied im \u00d6HKDB.\u00a0Christian Wagner war einer der Gr\u00fcndungsmitglieder des\u00a0Verbandes\u00a0und \u00fcbernimmt ab 2006 die Funktion des Bundestrainers.<\/p>\n\n\n\n<p>2010 tritt der \u00d6HKDB der World Hapkido Association (WHA) unter der Leitung von GM Tae Jung (9. Dan) bei, Meister Ewald Pilz wird der \u00d6sterreich Repr\u00e4sentant. 2014 \u00fcbergibt Meister Pilz die Verbandsf\u00fchrung an Christian Wagner und zieht sich von allen offiziellen Agenden zur\u00fcck. Obmann und Bundestrainer des \u00d6HKDB ist bis heute Christian Wagner. Die guten Kontakte des \u00d6HKDB zur WHA bestehen weiterhin und vertiefen sich von Jahr zu Jahr. S\u00e4mtliche Mitgliedsvereine des \u00d6HKDB, sowie die von anerkannten \u00d6HKDB Pr\u00fcfern abgehalten Pr\u00fcfungen werden von der WHA im vollem Umfang anerkannt.<\/p>\n\n\n\n<figure class=\"wp-block-gallery aligncenter columns-2 wp-block-gallery-1 is-layout-flex wp-block-gallery-is-layout-flex\"><ul class=\"blocks-gallery-grid\"><li class=\"blocks-gallery-item\"><figure><img loading=\"lazy\" decoding=\"async\" width=\"208\" height=\"172\" src=\"http:\/\/localhost\/hapkido\/wp-content\/uploads\/2020\/03\/Adler-mit-Weltkugel_violett.png\" alt=\"\" data-id=\"10\" data-full-url=\"http:\/\/localhost\/hapkido\/wp-content\/uploads\/2020\/03\/Adler-mit-Weltkugel_violett.png\" data-link=\"http:\/\/localhost\/hapkido\/adler-mit-weltkugel_violett\/\" class=\"wp-image-10\"\/><\/figure><\/li><li class=\"blocks-gallery-item\"><figure><img loading=\"lazy\" decoding=\"async\" width=\"231\" height=\"218\" src=\"http:\/\/localhost\/hapkido\/wp-content\/uploads\/2020\/04\/Download-2.png\" alt=\"\" data-id=\"426\" data-full-url=\"http:\/\/localhost\/hapkido\/wp-content\/uploads\/2020\/04\/Download-2.png\" data-link=\"http:\/\/localhost\/hapkido\/download-2\/\" class=\"wp-image-426\"\/><\/figure><\/li><\/ul><\/figure>\n","protected":false},"excerpt":{"rendered":"<p>Hapkido Verein Ask\u00f6 Salzburg und der \u00d6HKDB: Die \u00d6sterreichischen Wurzeln des\u00a0HAP KI DO\u00a0liegen in der Steiermark, wo auch Christian Wagner 1985 bei Meister Ewald Pilz im Verein Bruck an der Mur mit dem HAP KI DO Training begann. Ende der 80er Jahre kam Christian Wagner f\u00fcr sein Biologie- und Sportstudium [&hellip;]<\/p>\n","protected":false},"author":1,"featured_media":0,"parent":0,"menu_order":0,"comment_status":"closed","ping_status":"closed","template":"page-templates\/template-fullwidth.php","meta":{"footnotes":""},"class_list":["post-61","page","type-page","status-publish","hentry"],"_links":{"self":[{"href":"https:\/\/www.hapkido-salzburg.at\/hapkido\/wp-json\/wp\/v2\/pages\/61","targetHints":{"allow":["GET"]}}],"collection":[{"href":"https:\/\/www.hapkido-salzburg.at\/hapkido\/wp-json\/wp\/v2\/pages"}],"about":[{"href":"https:\/\/www.hapkido-salzburg.at\/hapkido\/wp-json\/wp\/v2\/types\/page"}],"author":[{"embeddable":true,"href":"https:\/\/www.hapkido-salzburg.at\/hapkido\/wp-json\/wp\/v2\/users\/1"}],"replies":[{"embeddable":true,"href":"https:\/\/www.hapkido-salzburg.at\/hapkido\/wp-json\/wp\/v2\/comments?post=61"}],"version-history":[{"count":4,"href":"https:\/\/www.hapkido-salzburg.at\/hapkido\/wp-json\/wp\/v2\/pages\/61\/revisions"}],"predecessor-version":[{"id":585,"href":"https:\/\/www.hapkido-salzburg.at\/hapkido\/wp-json\/wp\/v2\/pages\/61\/revisions\/585"}],"wp:attachment":[{"href":"https:\/\/www.hapkido-salzburg.at\/hapkido\/wp-json\/wp\/v2\/media?parent=61"}],"curies":[{"name":"wp","href":"https:\/\/api.w.org\/{rel}","templated":true}]}}