{"id":71,"date":"2020-03-21T20:37:17","date_gmt":"2020-03-21T20:37:17","guid":{"rendered":"http:\/\/localhost\/hapkido\/?page_id=71"},"modified":"2025-09-02T19:15:38","modified_gmt":"2025-09-02T17:15:38","slug":"impressum","status":"publish","type":"page","link":"https:\/\/www.hapkido-salzburg.at\/hapkido\/impressum\/","title":{"rendered":"Impressum"},"content":{"rendered":"\n<p class=\"has-text-align-left\"><strong>Medienzweck:<\/strong><br>Diese Website dient ausschlie\u00dflich zur Information \u00fcber&nbsp;Aktivit\u00e4ten<br>des Vereins \u201eHapkido Verein Ask\u00f6 Salzburg\u201c<\/p>\n\n\n\n<p><strong>Vereinsdaten:<\/strong><\/p>\n\n\n\n<p>Hapkido Verein ASK\u00d6 Salzburg <br>Email:\u00a0office@hapkido-salzburg.at<br>ZVR-Nr: 532047410<\/p>\n\n\n\n<p><strong>Medieninhaber:<\/strong><br>Dr. Christian Wagner<\/p>\n\n\n\n<p><strong>Vereinsobmann:<\/strong><br>Dr. Christian Wagner<\/p>\n\n\n\n<p><strong>Webmaster:<\/strong><br>Florian Wagner<\/p>\n\n\n\n<p><\/p>\n\n\n\n<p><\/p>\n\n\n\n<p><strong>Haftung und Urheberrecht<\/strong><\/p>\n\n\n\n<p>1. Haftungsbeschr\u00e4nkung<br>Verantwortlich f\u00fcr dieses Informationsangebot ist der Herausgeber. Die Informationen auf dieser Website wurden mit gro\u00dfer Sorgfalt zusammengestellt. F\u00fcr die Richtigkeit und Vollst\u00e4ndigkeit kann gleichwohl keine Gew\u00e4hr \u00fcbernommen werden. Aus diesem Grund ist jegliche Haftung f\u00fcr eventuelle Sch\u00e4den im Zusammenhang mit der Nutzung des Informationsangebots ausgeschlossen. Druch die blo\u00dfe Nutzung dieser Website kommt keinerlei Vertragsverh\u00e4ltnis zwischen Nutzer und Anbieter\/Herausgeber zustande.<\/p>\n\n\n\n<p>2. Hinweis zum Urheberrecht<br>Der gesamte Inhalt dieser Website unterliegt dem Urheberrecht. Unerlaubte Verwendung, Reproduktion oder Wiedergabe des Inhalts oder von Teilen des Inhalts ist untersagt. Wegen einer Erlaubnis zur Nutzung des Inhalts wenden Sie sich bitte an den Herausgeber.<\/p>\n\n\n\n<p>3. Hinweis zu externen Links<br>Soweit von dieser Website auf andere Websites Links gelegt sind, wird darauf hingewiesen, dass keinerlei Einfluss auf die Gestaltung und die Inhalte der gelinkten Seiten besteht und sich deren Inhalt nicht zu Eigen gemacht wird. Dies gilt f\u00fcr alle auf dieser Seite ausgebrachten externen Links und f\u00fcr alle Inhalte der Seiten, zu denen Werbemittel (z.B. Banner, Textanzeigen, Videoanzeigen) f\u00fchren. F\u00fcr verlinkte Seiten gilt, dass rechtswidrige Inhalte zum Zeitpunkt der Verlinkung nicht erkennbar waren. Die Links werden regelm\u00e4\u00dfig auf rechtswidrige Inhalte \u00fcberpr\u00fcft und bei Rechtsverletzungen unverz\u00fcglich entfernt.<\/p>\n","protected":false},"excerpt":{"rendered":"<p>Medienzweck:Diese Website dient ausschlie\u00dflich zur Information \u00fcber&nbsp;Aktivit\u00e4tendes Vereins \u201eHapkido Verein Ask\u00f6 Salzburg\u201c Vereinsdaten: Hapkido Verein ASK\u00d6 Salzburg Email:\u00a0office@hapkido-salzburg.atZVR-Nr: 532047410 Medieninhaber:Dr. Christian Wagner Vereinsobmann:Dr. Christian Wagner Webmaster:Florian Wagner Haftung und Urheberrecht 1. Haftungsbeschr\u00e4nkungVerantwortlich f\u00fcr dieses Informationsangebot ist der Herausgeber. Die Informationen auf dieser Website wurden mit gro\u00dfer Sorgfalt zusammengestellt. F\u00fcr die [&hellip;]<\/p>\n","protected":false},"author":1,"featured_media":0,"parent":0,"menu_order":0,"comment_status":"closed","ping_status":"closed","template":"page-templates\/template-fullwidth.php","meta":{"footnotes":""},"class_list":["post-71","page","type-page","status-publish","hentry"],"_links":{"self":[{"href":"https:\/\/www.hapkido-salzburg.at\/hapkido\/wp-json\/wp\/v2\/pages\/71","targetHints":{"allow":["GET"]}}],"collection":[{"href":"https:\/\/www.hapkido-salzburg.at\/hapkido\/wp-json\/wp\/v2\/pages"}],"about":[{"href":"https:\/\/www.hapkido-salzburg.at\/hapkido\/wp-json\/wp\/v2\/types\/page"}],"author":[{"embeddable":true,"href":"https:\/\/www.hapkido-salzburg.at\/hapkido\/wp-json\/wp\/v2\/users\/1"}],"replies":[{"embeddable":true,"href":"https:\/\/www.hapkido-salzburg.at\/hapkido\/wp-json\/wp\/v2\/comments?post=71"}],"version-history":[{"count":7,"href":"https:\/\/www.hapkido-salzburg.at\/hapkido\/wp-json\/wp\/v2\/pages\/71\/revisions"}],"predecessor-version":[{"id":616,"href":"https:\/\/www.hapkido-salzburg.at\/hapkido\/wp-json\/wp\/v2\/pages\/71\/revisions\/616"}],"wp:attachment":[{"href":"https:\/\/www.hapkido-salzburg.at\/hapkido\/wp-json\/wp\/v2\/media?parent=71"}],"curies":[{"name":"wp","href":"https:\/\/api.w.org\/{rel}","templated":true}]}}